{"id":560,"date":"2025-05-09T12:08:40","date_gmt":"2025-05-09T18:08:40","guid":{"rendered":"https:\/\/coliazul.org\/?page_id=560"},"modified":"2025-05-09T13:08:20","modified_gmt":"2025-05-09T19:08:20","slug":"encuentro-coliazul-mayo-2025","status":"publish","type":"page","link":"https:\/\/coliazul.org\/es\/encuentro-coliazul-mayo-2025\/","title":{"rendered":"Encuentro Coliazul \u2013 Mayo 2025"},"content":{"rendered":"<figure class=\"wp-block-image size-large\"><img loading=\"lazy\" decoding=\"async\" width=\"819\" height=\"1024\" src=\"https:\/\/coliazul.org\/wp-content\/uploads\/Encuentro_Coliazul_Mayo_2025-819x1024.png\" alt=\"\" class=\"wp-image-562\" srcset=\"https:\/\/coliazul.org\/wp-content\/uploads\/Encuentro_Coliazul_Mayo_2025-819x1024.png 819w, https:\/\/coliazul.org\/wp-content\/uploads\/Encuentro_Coliazul_Mayo_2025-240x300.png 240w, https:\/\/coliazul.org\/wp-content\/uploads\/Encuentro_Coliazul_Mayo_2025-768x960.png 768w, https:\/\/coliazul.org\/wp-content\/uploads\/Encuentro_Coliazul_Mayo_2025-10x12.png 10w, https:\/\/coliazul.org\/wp-content\/uploads\/Encuentro_Coliazul_Mayo_2025.png 1080w\" sizes=\"auto, (max-width: 819px) 100vw, 819px\" \/><\/figure>\n\n\n\n<h3 class=\"wp-block-heading has-text-align-center\">Apoya al Centro Cultural con tus donaciones!<\/h3>\n\n\n\n<div class=\"wp-block-buttons is-content-justification-center is-layout-flex wp-container-core-buttons-is-layout-fe48e5de wp-block-buttons-is-layout-flex\">\n<div class=\"wp-block-button\"><a class=\"wp-block-button__link has-background wp-element-button\" href=\"https:\/\/fnd.us\/coliazul-stage1\" style=\"background-color:#c84438\">\u00a1Donar en VisionaryFund!<\/a><\/div>\n\n\n\n<div class=\"wp-block-button\"><a class=\"wp-block-button__link has-background wp-element-button\" href=\"https:\/\/giveth.io\/project\/coliazul-cultural-commons\" style=\"background-color:#c84438\">\u00a1Donar en Giveth!<\/a><\/div>\n<\/div>\n\n\n\n<h2 class=\"wp-block-heading\">Encuentro Coliazul: Tejiendo historias y comunidad<\/h2>\n\n\n\n<p class=\"wp-block-paragraph\">Nuestro pr\u00f3ximo <strong>Encuentro Coliazul<\/strong> est\u00e1 a la vuelta \u2014 <strong>Viernes 17 de Mayo, a las 12pm<\/strong>, en <strong>Finca Diamante Luz, San Salvador de Bar\u00fa<\/strong> \u2014 y te extendemos una calurosa bienvenida a ser parte de esta celebraci\u00f3n de historias, m\u00fasica, comida, y esp\u00edritu de comunidad.<\/p>\n\n\n\n<p class=\"wp-block-paragraph\">Este evento, como todo lo que hacemos en Coliazul, es impulsado por nuestra comunidad. Est\u00e1 vivo gracias a las contributiones, la creatividad y generosidad de muchas manos y corazones. Juntos, estamos tejiendo algo hermoso \u2014 una cultura viva de conexi\u00f3n y apoyo mutuo.<\/p>\n\n\n\n<h3 class=\"wp-block-heading\">Performances at the event<\/h3>\n\n\n\n<p class=\"wp-block-paragraph\">\ud83c\udf99 Cuentacuentos con Johan Vargas \u2013 Dive into tales that awaken the heart and spark the imagination!<br>\ud83c\udfad Interactive Improv Theater Performance<br>\ud83e\ude97Original songs by Seanny Ray<br>\ud83c\udfb6 Live Music with SanSal Zigany<\/p>\n\n\n\n<h3 class=\"wp-block-heading\">\ud83c\udf72 \u00a1Necesitamos tu saz\u00f3n!<\/h3>\n\n\n\n<p class=\"wp-block-paragraph\">En nuestro evento anterior, el cari\u00f1o y entusiasmo del p\u00fablico fue tan grande que <strong>nos quedamos sin comida antes de terminar el evento<\/strong>! \u00a1Una hermosa se\u00f1al del \u00e9xito del evento y una alerta para organizarnos mejor!<\/p>\n\n\n\n<p class=\"wp-block-paragraph\">El equipo de cocina hizo un <strong>trabajo incre\u00edble con platos deliciosos<\/strong>, pero esta vez necesitamos m\u00e1s manos. Te invitamos a preparar y compartir <strong>tu platillo casero<\/strong> Puede ser una receta t\u00edpica, algo saludable o simplemente algo que te encante cocinar. Tu comida ayuda a sostener el proyecto Coliazul.<\/p>\n\n\n\n<h3 class=\"wp-block-heading\">\ud83c\udf81 Comparte tus dones en la rifa<\/h3>\n\n\n\n<p class=\"wp-block-paragraph\">Tambi\u00e9n te invitamos a contribuir con nuestra Gran Rifa Comunitaria <strong>Gran Rifa Comunitaria<\/strong>que siempre es uno de los momentos m\u00e1s esperados del evento. Puedes donar: <strong>crafts, services, products, art, or experiences<\/strong> become meaningful gifts that support our collective journey and create joyful moments for our raffle winners.<\/p>\n\n\n\n<p class=\"wp-block-paragraph\">En las rifas anteriors tuvimos premios incre\u00edbles como:<\/p>\n\n\n\n<ul class=\"wp-block-list\">\n<li>Consulta de herbolaria<\/li>\n\n\n\n<li>Arte hecho en casa<\/li>\n\n\n\n<li>Paquetes de soporte t\u00e9cnico<\/li>\n\n\n\n<li>Conciertos privados<\/li>\n\n\n\n<li>Sesiones de breathwork<\/li>\n\n\n\n<li>Lecturas astrol\u00f3gicas<\/li>\n\n\n\n<li>Kombucha, alhajas y mucho m\u00e1s<\/li>\n<\/ul>\n\n\n\n<p class=\"wp-block-paragraph\">Contribuye a la magia! Toda contribuci\u00f3n, grande o peque\u00f1a aporta a construir cultura y comunidad.<\/p>\n\n\n\n<p class=\"wp-block-paragraph\">Para coordinar tu aporte a la rifa con comida o premios, \u00fanete al chat de Telegram:<br>\ud83d\udc49 <a class=\"\" href=\"https:\/\/t.me\/+MwVhqZHN9LU3N2Ex\">https:\/\/t.me\/+MwVhqZHN9LU3N2Ex<\/a><br>O contacta a <strong>Randall<\/strong> directamente al: 8532-2730<\/p>\n\n\n\n<hr class=\"wp-block-separator has-alpha-channel-opacity\"\/>\n\n\n\n<h3 class=\"wp-block-heading\">\ud83d\udcda \u00a1Ya abrimos la Biblioteca Coliazul!<\/h3>\n\n\n\n<p class=\"wp-block-paragraph\">Gracias a su apoyo, inauguramos la <strong>Biblioteca Coliazul<\/strong>! Fue un encuentro c\u00e1lido y alegre donde los ni\u00f1os del programa de mentor\u00eda compartieron arte, le\u00edmos cuentos en comunidad, tomamos t\u00e9 con pastel, y se prestaron los primeros libros. Un hermoso inicio para este espacio de aprendizaje compartido.<\/p>\n\n\n\n<h3 class=\"wp-block-heading\">\ud83d\udee0\ufe0f Avanza la construcci\u00f3n del Centro Cultural<\/h3>\n\n\n\n<p class=\"wp-block-paragraph\">Seguimos paso a paso con la <strong>construcci\u00f3n del Centro Cultural Coliazul<\/strong>. Estamos trabajando en la base, permisos y dise\u00f1o para que pronto sea una realidad viva: un espacio para talleres, educaci\u00f3n, arte y conexi\u00f3n intercultural.<br>M\u00e1s informaci\u00f3n: <a class=\"\" href=\"https:\/\/coliazul.org\/es\/centro-cultural\/\">coliazul.org\/centro-cultural<\/a><\/p>\n\n\n\n<hr class=\"wp-block-separator has-alpha-channel-opacity\"\/>\n\n\n\n<h3 class=\"wp-block-heading\">\ud83c\udf3f \u00bfPor qu\u00e9 apoyar?<\/h3>\n\n\n\n<p class=\"wp-block-paragraph\">Coliazul es un proyecto de <strong>aprendizaje hol\u00edstico para todas las edades<\/strong>inspirado en la creatividad, comunidad y la conexi\u00f3n con la naturaleza. Nuestro programa para ni\u00f1os, las mentor\u00edas, eventos, y ahora nuestra biblioteca  \u2014 todos expresan nuestros valores del coraz\u00f3n, cabeza y manos en aprendizaje.<\/p>\n\n\n\n<h3 class=\"wp-block-heading\">\ud83d\udc9a \u00bfC\u00f3mo puedes apoyar?<\/h3>\n\n\n\n<p class=\"wp-block-paragraph\"><strong>Asiste al evento del S\u00e1bado 17 de mayo<\/strong><br>Disfruta de las historias, m\u00fasica, comida, la rifa \u2014 trae a tu familia y amigos.<\/p>\n\n\n\n<p class=\"wp-block-paragraph\">\ud83c\udf9f Compra boletos para la rifa (\u20a12,000 cada uno). Con m\u00e1s tiquetes tienes m\u00e1s chances de ganar premios geniales.<\/p>\n\n\n\n<p class=\"wp-block-paragraph\">\ud83d\udcb5 \u00bfNo puedes unirte al evento? Todav\u00eda nos puedes apoyar:<\/p>\n\n\n\n<ul class=\"wp-block-list\">\n<li><strong>Donaciones con cripto en Giveth:<\/strong><br><a class=\"\" href=\"https:\/\/giveth.io\/project\/coliazul-cultural-commons\">https:\/\/giveth.io\/project\/coliazul-cultural-commons<\/a><\/li>\n\n\n\n<li><strong>Utiliza tu tarjeta en Visionary Fund:<\/strong><br><a class=\"\" href=\"https:\/\/tribe.visionaryfund.com\/coliazul-stage1\">https:\/\/tribe.visionaryfund.com\/coliazul-stage1<\/a><\/li>\n\n\n\n<li><strong>Transferencia a Bancos de Costa Rica (gracias a la Asociaci\u00f3n Diamante Bridge Collective)<\/strong><\/li>\n<\/ul>\n\n\n\n<p class=\"wp-block-paragraph\"><strong>In Colones<\/strong><br>IBAN: CR18010200009627547503<br>Swift Code: BSNJCRSJXXX<br>SINPE M\u00f3vil: 88963797<\/p>\n\n\n\n<p class=\"wp-block-paragraph\"><strong>In USD<\/strong><br>IBAN: CR54010200009627547437<br>Swift Code: BSNJCRSJXXX<\/p>\n\n\n\n<hr class=\"wp-block-separator has-alpha-channel-opacity\"\/>\n\n\n\n<p class=\"wp-block-paragraph\">Juntos estamos cultivando un futuro con m\u00e1s arte, m\u00e1s conexi\u00f3n y m\u00e1s conciencia en este hermoso mosaico que llamamos <strong>Coliazul<\/strong>.<\/p>\n\n\n\n<p class=\"wp-block-paragraph\">\ud83c\udf1f \u00a1Nos vemos en el Encuentro Coliazul!<br>Gracias por hacer esto posible.<\/p>","protected":false},"excerpt":{"rendered":"<p>Support the Cultural Center with your donations! Encuentro Coliazul: A Call to Weave Culture and Community Together Our next Encuentro Coliazul is just around the corner \u2014 Friday, May 17th at 12pm, at Finca Diamante Luz, San Salvador de Bar\u00fa \u2014 and we warmly invite you to be part of this celebration of stories, music, food, and the spirit of community. This event, like everything we do at Coliazul, is community-powered. It comes to life through the contributions, creativity, and generosity of many hands and hearts. Together, we are weaving something beautiful \u2014 a living culture of care, connection, and regeneration. [&hellip;]<\/p>","protected":false},"author":1,"featured_media":0,"parent":0,"menu_order":0,"comment_status":"closed","ping_status":"closed","template":"","meta":{"_crdt_document":"","iawp_total_views":59,"footnotes":""},"class_list":["post-560","page","type-page","status-publish","hentry"],"_links":{"self":[{"href":"https:\/\/coliazul.org\/es\/wp-json\/wp\/v2\/pages\/560","targetHints":{"allow":["GET"]}}],"collection":[{"href":"https:\/\/coliazul.org\/es\/wp-json\/wp\/v2\/pages"}],"about":[{"href":"https:\/\/coliazul.org\/es\/wp-json\/wp\/v2\/types\/page"}],"author":[{"embeddable":true,"href":"https:\/\/coliazul.org\/es\/wp-json\/wp\/v2\/users\/1"}],"replies":[{"embeddable":true,"href":"https:\/\/coliazul.org\/es\/wp-json\/wp\/v2\/comments?post=560"}],"version-history":[{"count":6,"href":"https:\/\/coliazul.org\/es\/wp-json\/wp\/v2\/pages\/560\/revisions"}],"predecessor-version":[{"id":570,"href":"https:\/\/coliazul.org\/es\/wp-json\/wp\/v2\/pages\/560\/revisions\/570"}],"wp:attachment":[{"href":"https:\/\/coliazul.org\/es\/wp-json\/wp\/v2\/media?parent=560"}],"curies":[{"name":"wp","href":"https:\/\/api.w.org\/{rel}","templated":true}]}}